{"id":4,"date":"2017-11-01T10:53:58","date_gmt":"2017-11-01T10:53:58","guid":{"rendered":"http:\/\/themes.muffingroup.com\/be\/carpenter2\/?page_id=4"},"modified":"2023-07-11T04:08:20","modified_gmt":"2023-07-11T02:08:20","slug":"nabytok-na-mieru","status":"publish","type":"page","link":"https:\/\/www.woodcreate.sk\/","title":{"rendered":"Vitajte"},"content":{"rendered":"","protected":false},"excerpt":{"rendered":"","protected":false},"author":1,"featured_media":0,"parent":0,"menu_order":0,"comment_status":"closed","ping_status":"closed","template":"","meta":{"_monsterinsights_skip_tracking":false,"_monsterinsights_sitenote_active":false,"_monsterinsights_sitenote_note":"","_monsterinsights_sitenote_category":0},"yoast_head":"<!-- This site is optimized with the Yoast SEO plugin v18.2 - https:\/\/yoast.com\/wordpress\/plugins\/seo\/ -->\n<title>Woodcreate - Kvalitn\u00fd n\u00e1bytok na mieru - www.woodcreate.sk<\/title>\n<meta name=\"description\" content=\"Pon\u00fakame kvalitn\u00fd n\u00e1bytok na mieru vyroben\u00fd z kvalitn\u00fdch materi\u00e1lov za v\u00fdborn\u00fa cenu. Dajte svojmu domovu nov\u00fd \u0161t\u00fdl. Woodcreate je tu pre V\u00e1s.\" \/>\n<meta name=\"robots\" content=\"index, follow, max-snippet:-1, max-image-preview:large, max-video-preview:-1\" \/>\n<link rel=\"canonical\" href=\"https:\/\/www.woodcreate.sk\/\" \/>\n<meta property=\"og:locale\" content=\"sk_SK\" \/>\n<meta property=\"og:type\" content=\"article\" \/>\n<meta property=\"og:title\" content=\"Woodcreate - n\u00e1bytok na mieru\" \/>\n<meta property=\"og:description\" content=\"Pon\u00fakame kvalitn\u00fd n\u00e1bytok na mieru vyroben\u00fd z kvalitn\u00fdch materi\u00e1lov za v\u00fdborn\u00fa cenu. Dajte svojmu domovu nov\u00fd \u0161t\u00fdl. Woodcreate je tu pre V\u00e1s.\" \/>\n<meta property=\"og:url\" content=\"https:\/\/www.woodcreate.sk\/\" \/>\n<meta property=\"og:site_name\" content=\"Woodcreate - kvalitn\u00fd n\u00e1bytod na mieru\" \/>\n<meta property=\"article:modified_time\" content=\"2023-07-11T02:08:20+00:00\" \/>\n<meta property=\"og:image\" content=\"https:\/\/www.woodcreate.sk\/wp-content\/uploads\/2022\/02\/IMG_5731.jpg\" \/>\n\t<meta property=\"og:image:width\" content=\"537\" \/>\n\t<meta property=\"og:image:height\" content=\"585\" \/>\n\t<meta property=\"og:image:type\" content=\"image\/jpeg\" \/>\n<meta name=\"twitter:card\" content=\"summary_large_image\" \/>\n<script type=\"application\/ld+json\" class=\"yoast-schema-graph\">{\"@context\":\"https:\/\/schema.org\",\"@graph\":[{\"@type\":\"WebSite\",\"@id\":\"https:\/\/www.woodcreate.sk\/#website\",\"url\":\"https:\/\/www.woodcreate.sk\/\",\"name\":\"Woodcreate - kvalitn\u00fd n\u00e1bytod na mieru\",\"description\":\"\",\"potentialAction\":[{\"@type\":\"SearchAction\",\"target\":{\"@type\":\"EntryPoint\",\"urlTemplate\":\"https:\/\/www.woodcreate.sk\/?s={search_term_string}\"},\"query-input\":\"required name=search_term_string\"}],\"inLanguage\":\"sk-SK\"},{\"@type\":\"ImageObject\",\"@id\":\"https:\/\/www.woodcreate.sk\/#primaryimage\",\"inLanguage\":\"sk-SK\",\"url\":\"https:\/\/www.woodcreate.sk\/wp-content\/uploads\/2022\/02\/IMG_5731.jpg\",\"contentUrl\":\"https:\/\/www.woodcreate.sk\/wp-content\/uploads\/2022\/02\/IMG_5731.jpg\",\"width\":537,\"height\":585},{\"@type\":\"WebPage\",\"@id\":\"https:\/\/www.woodcreate.sk\/#webpage\",\"url\":\"https:\/\/www.woodcreate.sk\/\",\"name\":\"Woodcreate - Kvalitn\u00fd n\u00e1bytok na mieru - www.woodcreate.sk\",\"isPartOf\":{\"@id\":\"https:\/\/www.woodcreate.sk\/#website\"},\"datePublished\":\"2017-11-01T10:53:58+00:00\",\"dateModified\":\"2023-07-11T02:08:20+00:00\",\"description\":\"Pon\u00fakame kvalitn\u00fd n\u00e1bytok na mieru vyroben\u00fd z kvalitn\u00fdch materi\u00e1lov za v\u00fdborn\u00fa cenu. Dajte svojmu domovu nov\u00fd \u0161t\u00fdl. Woodcreate je tu pre V\u00e1s.\",\"breadcrumb\":{\"@id\":\"https:\/\/www.woodcreate.sk\/#breadcrumb\"},\"inLanguage\":\"sk-SK\",\"potentialAction\":[{\"@type\":\"ReadAction\",\"target\":[\"https:\/\/www.woodcreate.sk\/\"]}]},{\"@type\":\"BreadcrumbList\",\"@id\":\"https:\/\/www.woodcreate.sk\/#breadcrumb\",\"itemListElement\":[{\"@type\":\"ListItem\",\"position\":1,\"name\":\"Home\",\"item\":\"https:\/\/www.woodcreate.sk\/\"},{\"@type\":\"ListItem\",\"position\":2,\"name\":\"Vitajte\"}]}]}<\/script>\n<!-- \/ Yoast SEO plugin. -->","yoast_head_json":{"title":"Woodcreate - Kvalitn\u00fd n\u00e1bytok na mieru - www.woodcreate.sk","description":"Pon\u00fakame kvalitn\u00fd n\u00e1bytok na mieru vyroben\u00fd z kvalitn\u00fdch materi\u00e1lov za v\u00fdborn\u00fa cenu. Dajte svojmu domovu nov\u00fd \u0161t\u00fdl. Woodcreate je tu pre V\u00e1s.","robots":{"index":"index","follow":"follow","max-snippet":"max-snippet:-1","max-image-preview":"max-image-preview:large","max-video-preview":"max-video-preview:-1"},"canonical":"https:\/\/www.woodcreate.sk\/","og_locale":"sk_SK","og_type":"article","og_title":"Woodcreate - n\u00e1bytok na mieru","og_description":"Pon\u00fakame kvalitn\u00fd n\u00e1bytok na mieru vyroben\u00fd z kvalitn\u00fdch materi\u00e1lov za v\u00fdborn\u00fa cenu. Dajte svojmu domovu nov\u00fd \u0161t\u00fdl. Woodcreate je tu pre V\u00e1s.","og_url":"https:\/\/www.woodcreate.sk\/","og_site_name":"Woodcreate - kvalitn\u00fd n\u00e1bytod na mieru","article_modified_time":"2023-07-11T02:08:20+00:00","og_image":[{"width":537,"height":585,"url":"https:\/\/www.woodcreate.sk\/wp-content\/uploads\/2022\/02\/IMG_5731.jpg","type":"image\/jpeg"}],"twitter_card":"summary_large_image","schema":{"@context":"https:\/\/schema.org","@graph":[{"@type":"WebSite","@id":"https:\/\/www.woodcreate.sk\/#website","url":"https:\/\/www.woodcreate.sk\/","name":"Woodcreate - kvalitn\u00fd n\u00e1bytod na mieru","description":"","potentialAction":[{"@type":"SearchAction","target":{"@type":"EntryPoint","urlTemplate":"https:\/\/www.woodcreate.sk\/?s={search_term_string}"},"query-input":"required name=search_term_string"}],"inLanguage":"sk-SK"},{"@type":"ImageObject","@id":"https:\/\/www.woodcreate.sk\/#primaryimage","inLanguage":"sk-SK","url":"https:\/\/www.woodcreate.sk\/wp-content\/uploads\/2022\/02\/IMG_5731.jpg","contentUrl":"https:\/\/www.woodcreate.sk\/wp-content\/uploads\/2022\/02\/IMG_5731.jpg","width":537,"height":585},{"@type":"WebPage","@id":"https:\/\/www.woodcreate.sk\/#webpage","url":"https:\/\/www.woodcreate.sk\/","name":"Woodcreate - Kvalitn\u00fd n\u00e1bytok na mieru - www.woodcreate.sk","isPartOf":{"@id":"https:\/\/www.woodcreate.sk\/#website"},"datePublished":"2017-11-01T10:53:58+00:00","dateModified":"2023-07-11T02:08:20+00:00","description":"Pon\u00fakame kvalitn\u00fd n\u00e1bytok na mieru vyroben\u00fd z kvalitn\u00fdch materi\u00e1lov za v\u00fdborn\u00fa cenu. Dajte svojmu domovu nov\u00fd \u0161t\u00fdl. Woodcreate je tu pre V\u00e1s.","breadcrumb":{"@id":"https:\/\/www.woodcreate.sk\/#breadcrumb"},"inLanguage":"sk-SK","potentialAction":[{"@type":"ReadAction","target":["https:\/\/www.woodcreate.sk\/"]}]},{"@type":"BreadcrumbList","@id":"https:\/\/www.woodcreate.sk\/#breadcrumb","itemListElement":[{"@type":"ListItem","position":1,"name":"Home","item":"https:\/\/www.woodcreate.sk\/"},{"@type":"ListItem","position":2,"name":"Vitajte"}]}]}},"_links":{"self":[{"href":"https:\/\/www.woodcreate.sk\/index.php?rest_route=\/wp\/v2\/pages\/4"}],"collection":[{"href":"https:\/\/www.woodcreate.sk\/index.php?rest_route=\/wp\/v2\/pages"}],"about":[{"href":"https:\/\/www.woodcreate.sk\/index.php?rest_route=\/wp\/v2\/types\/page"}],"author":[{"embeddable":true,"href":"https:\/\/www.woodcreate.sk\/index.php?rest_route=\/wp\/v2\/users\/1"}],"replies":[{"embeddable":true,"href":"https:\/\/www.woodcreate.sk\/index.php?rest_route=%2Fwp%2Fv2%2Fcomments&post=4"}],"version-history":[{"count":3,"href":"https:\/\/www.woodcreate.sk\/index.php?rest_route=\/wp\/v2\/pages\/4\/revisions"}],"predecessor-version":[{"id":153,"href":"https:\/\/www.woodcreate.sk\/index.php?rest_route=\/wp\/v2\/pages\/4\/revisions\/153"}],"wp:attachment":[{"href":"https:\/\/www.woodcreate.sk\/index.php?rest_route=%2Fwp%2Fv2%2Fmedia&parent=4"}],"curies":[{"name":"wp","href":"https:\/\/api.w.org\/{rel}","templated":true}]}}